{"id":2635,"date":"2023-11-09T16:04:16","date_gmt":"2023-11-09T16:04:16","guid":{"rendered":"https:\/\/pnin-niger.org\/web\/?page_id=2635"},"modified":"2025-09-18T09:27:38","modified_gmt":"2025-09-18T09:27:38","slug":"base-de-donnees-anado-nutrition","status":"publish","type":"page","link":"https:\/\/pnin-niger.org\/web\/?page_id=2635","title":{"rendered":"Base de donn\u00e9es ANADO Nutrition"},"content":{"rendered":"<p>Dans cette section du site vous avez acc\u00e8s aux micros donn\u00e9es et m\u00e9tadonn\u00e9es des plus r\u00e9centes enqu\u00eates nutritionnelles r\u00e9alis\u00e9es par l\u2019INS et les autres structures du Syst\u00e8me Statistique National (SSN).<\/p>\n<p>Ce sont les bases de donn\u00e9es des enqu\u00eates qui ont \u00e9t\u00e9 anonymis\u00e9es et archiv\u00e9es sur la plateforme Anado (Archive Nationale des donn\u00e9es).<\/p>\n<p>Notez que :<\/p>\n<ul>\n<li>Les bases de donn\u00e9es mises \u00e0 la disposition des utilisateurs ont subi des techniques d\u2019anonymisation en vue de prot\u00e9ger les r\u00e9pondants, ce qui peut entrainer de l\u00e9gers \u00e9carts avec les r\u00e9sultats publi\u00e9s dans les rapports des enqu\u00eates ;<\/li>\n<li>La confidentialit\u00e9 et l\u2019acc\u00e8s aux donn\u00e9es sont conformes \u00e0 la Loi N\u00b02004-011 du 30 mars 2004, modifi\u00e9e et compl\u00e9t\u00e9e par la Loi N\u00b02014-66 du 05 novembre 2014 et la politique de diffusion du SSN\u00a0;<\/li>\n<li>L\u2019Institut National de la Statistique (INS) d\u00e9gage toute responsabilit\u00e9 concernant l\u2019exploitation et l\u2019utilisation des donn\u00e9es par l\u2019utilisateur .<\/li>\n<\/ul>\n<a href=\"https:\/\/pnin-niger.org\/anadonutrition\/index.php\/home\" target=\"_blank\" class=\"shortc-button small blue \">Acc\u00e9dez \u00e0 la base de donn\u00e9es ANADO<\/a>\n<div><\/div>\n","protected":false},"excerpt":{"rendered":"<p>Dans cette section du site vous avez acc\u00e8s aux micros donn\u00e9es et m\u00e9tadonn\u00e9es des plus r\u00e9centes enqu\u00eates nutritionnelles r\u00e9alis\u00e9es par l\u2019INS et les autres structures du Syst\u00e8me Statistique National (SSN). Ce sont les bases de donn\u00e9es des enqu\u00eates qui ont \u00e9t\u00e9 anonymis\u00e9es et archiv\u00e9es sur la plateforme Anado (Archive Nationale des donn\u00e9es). Notez que : &hellip;<\/p>\n","protected":false},"author":1,"featured_media":0,"parent":0,"menu_order":0,"comment_status":"closed","ping_status":"closed","template":"","meta":{"footnotes":""},"_links":{"self":[{"href":"https:\/\/pnin-niger.org\/web\/index.php?rest_route=\/wp\/v2\/pages\/2635"}],"collection":[{"href":"https:\/\/pnin-niger.org\/web\/index.php?rest_route=\/wp\/v2\/pages"}],"about":[{"href":"https:\/\/pnin-niger.org\/web\/index.php?rest_route=\/wp\/v2\/types\/page"}],"author":[{"embeddable":true,"href":"https:\/\/pnin-niger.org\/web\/index.php?rest_route=\/wp\/v2\/users\/1"}],"replies":[{"embeddable":true,"href":"https:\/\/pnin-niger.org\/web\/index.php?rest_route=%2Fwp%2Fv2%2Fcomments&post=2635"}],"version-history":[{"count":19,"href":"https:\/\/pnin-niger.org\/web\/index.php?rest_route=\/wp\/v2\/pages\/2635\/revisions"}],"predecessor-version":[{"id":2645,"href":"https:\/\/pnin-niger.org\/web\/index.php?rest_route=\/wp\/v2\/pages\/2635\/revisions\/2645"}],"wp:attachment":[{"href":"https:\/\/pnin-niger.org\/web\/index.php?rest_route=%2Fwp%2Fv2%2Fmedia&parent=2635"}],"curies":[{"name":"wp","href":"https:\/\/api.w.org\/{rel}","templated":true}]}}