{"id":458,"date":"2018-10-24T09:25:25","date_gmt":"2018-10-24T09:25:25","guid":{"rendered":"https:\/\/pnin-niger.org\/web\/?page_id=458"},"modified":"2020-03-16T17:02:43","modified_gmt":"2020-03-16T17:02:43","slug":"logiciels-utiles","status":"publish","type":"page","link":"https:\/\/pnin-niger.org\/web\/?page_id=458","title":{"rendered":"Logiciels utiles"},"content":{"rendered":"<table id=\"tab_contenu\" border=\"0\">\n<tbody>\n<tr valign=\"top\">\n<td>Quelques logiciels de r\u00e9f\u00e9rences utilis\u00e9s en statistique.<\/td>\n<\/tr>\n<tr valign=\"top\">\n<td>\n<table id=\"tab_data\" border=\"0\">\n<tbody>\n<tr class=\"titre\">\n<td width=\"100px\">Titre<\/td>\n<td>Description<\/td>\n<\/tr>\n<tr valign=\"top\">\n<td>CsPro<\/td>\n<td>Logiciel de saisie et exploitation des donn\u00e9es d&rsquo;enqu\u00eates et de recensement de la population et de l&rsquo;habitat. Elabor\u00e9 par International Programs Center et U.S. Census Bureau, Washington DC 20233-8860<br \/>\nCe logiciel est disponible sur\u00a0<a href=\"http:\/\/www.census.gov\/ipc\/www\/cspro\" target=\"_blank\" rel=\"noopener noreferrer\">www.census.gov\/ipc\/www\/cspro<\/a>.<\/td>\n<\/tr>\n<tr class=\"pair\" valign=\"top\">\n<td>Epi-Info<\/td>\n<td>D\u00e9velopp\u00e9e par les CDC d\u2019Atlanta, la version 6.04d d\u2019Epi Info (version DOS) permet la gestion de bout en bout d\u2019applications d\u2019investigation ou de surveillance, depuis la cr\u00e9ation du masque de saisie contr\u00f4l\u00e9e jusqu\u2019\u00e0 l\u2019analyse et au travail de rapportage. La version compl\u00e8te (5.1 Mo en fran\u00e7ais) est disponible ici\u00a0<a href=\"http:\/\/www.epiconcept.fr\/fichiers\/epi6\/fr\/epi604dfr.exe\">www.epiconcept.fr\/fichiers\/epi6\/fr\/epi604dfr.exe<\/a><\/td>\n<\/tr>\n<tr class=\"pair\" valign=\"top\">\n<td>PHILCARTO<\/td>\n<td><em>Philcarto<\/em> est un logiciel de cartographie des donn\u00e9es statistiques, largement utilis\u00e9 en sciences sociales. Il est t\u00e9l\u00e9chargeable gratuitement sur http:\/\/philcarto.free.fr\/<\/td>\n<\/tr>\n<tr valign=\"top\">\n<td>DEMETRA<\/td>\n<td>Logiciel gratuit distribu\u00e9 par EUROSTAT pour l&rsquo;\u00e9tude de s\u00e9ries chronologiques, correction des variations saisonni\u00e8res. Il peut \u00eatre obtenu gratuitement en le\u00a0<a href=\"http:\/\/forum.europa.eu.int\/irc\/dsis\/eurosam\/info\/data\/demetra.htm\" target=\"_blank\" rel=\"noopener noreferrer\">t\u00e9l\u00e9chargeant<\/a>\u00a0sur le site de l&rsquo;Office des statistiques des communaut\u00e9s europ\u00e9ennes.<\/td>\n<\/tr>\n<tr class=\"pair\" valign=\"top\">\n<td>ENA<\/td>\n<td><strong>ENA (Emergency Nutrition Assessment) <\/strong>est un logiciel recommand\u00e9 pour les enqu\u00eates SMART. Il dispose des fonction automatique de calcule et de tirage de l&rsquo;\u00e9chantillon. Des mesures anthropom\u00e9triques standardis\u00e9es. Il est t\u00e9l\u00e9chargeable sur https:\/\/smartmethodology.org\/<\/td>\n<\/tr>\n<tr valign=\"top\">\n<td>R<\/td>\n<td>Le langage R, un projet de GNU similaire \u00e0 S, est un langage de programmation et un environnement math\u00e9matique utilis\u00e9s pour le traitement de donn\u00e9es et l&rsquo;analyse statistique. Depuis plusieurs ann\u00e9es, deux nouvelles versions apparaissent au printemps et \u00e0 l&rsquo;automne. R dispose de nombreuses fonctions graphiques. R est fond\u00e9 sur le langage S qui a \u00e9t\u00e9 d\u00e9velopp\u00e9 par John Chambers des laboratoires Bell.<\/p>\n<p>Lien de t\u00e9l\u00e9chargement :\u00a0<a href=\"http:\/\/cran.r-project.org\/mirrors.html\" target=\"_blank\" rel=\"noopener noreferrer\">http:\/\/cran.r-project.org\/mirrors.html<\/a><\/td>\n<\/tr>\n<tr class=\"pair\" valign=\"top\">\n<td>STATA<\/td>\n<td>Logiciel statistique complet. Ses modules couvrent tous les aspects des \u00e9tudes statistiques. Pour plus d&rsquo;information, vous pouvez consulter le site de la soci\u00e9t\u00e9\u00a0<a href=\"http:\/\/www.ritme.com\/\" target=\"_blank\" rel=\"noopener noreferrer\">RITME Informatique<\/a>.<\/td>\n<\/tr>\n<tr valign=\"top\">\n<td>SPAD<\/td>\n<td>Logiciel statistique sp\u00e9cialis\u00e9 dans les analyses multidimensionnelles et multivari\u00e9es. Il est d\u00e9velopp\u00e9 par le laboratoire d&rsquo;analyses des donn\u00e9es statistiques \u00e9crit par L.LEBART et A.MORINEAU. Il permet, entre autres, de r\u00e9aliser des analyses en composantes principales ou des analyses factorielles des correspondances, des typologies de trajectoires, des classifications sous contraintes de contigu\u00eft\u00e9 des descriptions de variables nominales ou quantitatives&#8230;<br \/>\nPlus d&rsquo;informations: Groupe Coheris 22, Quai Gallieni 92150 Suresnes FRANCE. T\u00e9l\u00e9phone : +(33)1 57 32 60 60. Site web :\u00a0<a href=\"http:\/\/www.coheris.com\/fr\/page\/produits\/Spad.html\" target=\"_blank\" rel=\"noopener noreferrer\">www.coheris.com\/fr\/page\/produits\/Spad.html<\/a><\/td>\n<\/tr>\n<tr class=\"pair\" valign=\"top\">\n<td>EViews<\/td>\n<td>Logiciel d&rsquo;\u00e9conom\u00e9trie moderne et convivial offrant toutes les fonctions n\u00e9cessaires en analyse financi\u00e8re, pr\u00e9vision macro-\u00e9conomique et simulations: (i) Techniques d\u2019estimation d\u2019\u00e9quations pour s\u00e9ries chronologiques et tableaux crois\u00e9s; (ii) \u00c9valuation de mod\u00e8les: tests d\u2019hypoth\u00e8ses, mod\u00e8le ARCH; (iii) Pr\u00e9vision et simulation: simulation stochastique, m\u00e9thode de Monte-Carlo, pr\u00e9visions statistiques et dynamiques (iv) Gestion des donn\u00e9es: conversion automatique des fr\u00e9quences, import de fichiers ASCII et Excel, 4 millions d\u2019observations par s\u00e9rie;<br \/>\nPour plus d&rsquo;information, vous pouvez consulter le site de la soci\u00e9t\u00e9\u00a0<a href=\"http:\/\/www.ritme.com\/\" target=\"_blank\" rel=\"noopener noreferrer\">RITME Informatique<\/a><\/td>\n<\/tr>\n<tr valign=\"top\">\n<td>DAD<\/td>\n<td>Un programme informatique developp\u00e9 par Jean-Yves Duclos en 1998, baptis\u00e9 DAD (Distributive Analysis\/Analyse distributive), permet aux chercheurs des pays en d\u00e9veloppement de mesurer eux-m\u00eames l&rsquo;indice de pauvret\u00e9 de leur pays, une op\u00e9ration autrefois r\u00e9serv\u00e9e aux chercheurs des pays riches, en raison des m\u00e9thodes co\u00fbteuses et complexes qui y sont li\u00e9es. On peut t\u00e9l\u00e9charger, sans frais, la version de DAD 4.1 et un guide de l\u2019usager \u00e0 partir du\u00a0<a href=\"http:\/\/www.mimap.ecn.ulaval.ca\/\" target=\"_blank\" rel=\"noopener noreferrer\">site web de l&rsquo;universit\u00e9 de Laval (CA)<\/a>. Ce site pr\u00e9voit une aide en ligne, le cas \u00e9ch\u00e9ant.<\/td>\n<\/tr>\n<tr class=\"pair\" valign=\"top\">\n<td>SPSS<\/td>\n<td>La premi\u00e8re version de\u00a0<a href=\"http:\/\/www.spss.com\/fr\" target=\"_blank\" rel=\"noopener noreferrer\">SPSS<\/a>\u00a0a \u00e9t\u00e9 mise en vente en 1968 et fait partie des programmes les plus largement utilis\u00e9s pour l&rsquo;analyse statistique en sciences sociales. Il est utilis\u00e9 par des chercheurs en \u00e9conomie, en science de la sant\u00e9, par des compagnies d&rsquo;\u00e9tudes, par le gouvernemment, des chercheurs de l&rsquo;\u00e9ducation nationale, et bien d&rsquo;autres. En plus de l&rsquo;analyse statistique, la gestion des donn\u00e9es (s\u00e9lection de cas, reformatage de fichier, cr\u00e9ation de donn\u00e9es d\u00e9riv\u00e9es) et la documentation des donn\u00e9es (un dictionnaire de m\u00e9tadonn\u00e9es est sauvegard\u00e9 avec les donn\u00e9es) sont deux autres caract\u00e9ristiques du logiciel.<br \/>\nLes nombreuses caract\u00e9ristiques de SPSS sont accessibles via les menus d\u00e9roulants ou peuvent \u00eatre programm\u00e9es avec un langage en ligne de commande appel\u00e9 4GL (licence propri\u00e9taire). La programmation par lignes de commande a les avantages de la reproductibilit\u00e9 et de la manipulation et de l&rsquo;analyse de donn\u00e9es complexes. Un langage de macro peut \u00eatre utilis\u00e9 pour \u00e9crire des routines et une extension pour le langage python permet d&rsquo;acc\u00e9der aux informations dans les donn\u00e9es ou dans le dictionnaire des donn\u00e9es et de construire des programmes en synthaxe de ligne de commande de fa\u00e7on dynamique.<\/td>\n<\/tr>\n<tr valign=\"top\">\n<td>CENSUS INFO<\/td>\n<td>La Division de statistique des Nations unies, en partenariat avec l&rsquo;UNICEF et l\u2019UNFPA, a mis au point un logiciel gratuit, CensusInfo. Ce logiciel est un outil de diffusion des donn\u00e9es des recensements sur CD-ROM et sur Internet, mis \u00e0 la disposition des pays. CensusInfo offre des fonctionnalit\u00e9s sp\u00e9cifiques permettant d\u2019am\u00e9liorer la diffusion des donn\u00e9es des recensements, notamment gr\u00e2ce \u00e0 une interface conviviale, un mod\u00e8le-type de rapports pour la pr\u00e9sentation des donn\u00e9es \u00e0 tout niveau g\u00e9ographique, des fonctionnalit\u00e9s graphiques et cartographiques. Ce logiciel est compatible avec les logiciels utilis\u00e9s pour le traitement des donn\u00e9es de recensement (CSpro et Redatam). La pr\u00e9sentation des donn\u00e9es peut \u00eatre personnalis\u00e9e (graphisme, indicateurs statistiques, niveaux g\u00e9ographiques). CensusInfo a \u00e9t\u00e9 officiellement lanc\u00e9 lors de la 40\u00e8me session de la Commission de statistique des Nations unies en f\u00e9vrier 2009. Il est t\u00e9l\u00e9chargeable gratuitement en ligne.<a href=\"http:\/\/www.devinfo.info\/censusinfo\/downloads\/CI_6.0.1.3_setup.zip\" target=\"_blank\" rel=\"noopener noreferrer\">\u00a0Cliquez ici.<\/a>\u00a0.<\/td>\n<\/tr>\n<\/tbody>\n<\/table>\n<\/td>\n<\/tr>\n<\/tbody>\n<\/table>\n<p>&nbsp;<\/p>\n","protected":false},"excerpt":{"rendered":"<p>Quelques logiciels de r\u00e9f\u00e9rences utilis\u00e9s en statistique. Titre Description CsPro Logiciel de saisie et exploitation des donn\u00e9es d&rsquo;enqu\u00eates et de recensement de la population et de l&rsquo;habitat. Elabor\u00e9 par International Programs Center et U.S. Census Bureau, Washington DC 20233-8860 Ce logiciel est disponible sur\u00a0www.census.gov\/ipc\/www\/cspro. Epi-Info D\u00e9velopp\u00e9e par les CDC d\u2019Atlanta, la version 6.04d d\u2019Epi Info &hellip;<\/p>\n","protected":false},"author":1,"featured_media":0,"parent":0,"menu_order":0,"comment_status":"closed","ping_status":"closed","template":"","meta":{"footnotes":""},"_links":{"self":[{"href":"https:\/\/pnin-niger.org\/web\/index.php?rest_route=\/wp\/v2\/pages\/458"}],"collection":[{"href":"https:\/\/pnin-niger.org\/web\/index.php?rest_route=\/wp\/v2\/pages"}],"about":[{"href":"https:\/\/pnin-niger.org\/web\/index.php?rest_route=\/wp\/v2\/types\/page"}],"author":[{"embeddable":true,"href":"https:\/\/pnin-niger.org\/web\/index.php?rest_route=\/wp\/v2\/users\/1"}],"replies":[{"embeddable":true,"href":"https:\/\/pnin-niger.org\/web\/index.php?rest_route=%2Fwp%2Fv2%2Fcomments&post=458"}],"version-history":[{"count":7,"href":"https:\/\/pnin-niger.org\/web\/index.php?rest_route=\/wp\/v2\/pages\/458\/revisions"}],"predecessor-version":[{"id":1093,"href":"https:\/\/pnin-niger.org\/web\/index.php?rest_route=\/wp\/v2\/pages\/458\/revisions\/1093"}],"wp:attachment":[{"href":"https:\/\/pnin-niger.org\/web\/index.php?rest_route=%2Fwp%2Fv2%2Fmedia&parent=458"}],"curies":[{"name":"wp","href":"https:\/\/api.w.org\/{rel}","templated":true}]}}